{"id":201,"date":"2020-03-26T12:38:53","date_gmt":"2020-03-26T12:38:53","guid":{"rendered":"http:\/\/sg-edelweiss-lochbuehl.com\/?page_id=201"},"modified":"2021-01-27T08:54:00","modified_gmt":"2021-01-27T08:54:00","slug":"bsb-kreisschiessen-2020","status":"publish","type":"page","link":"http:\/\/sg-edelweiss-lochbuehl.com\/?page_id=201","title":{"rendered":"BSB-Kreisschie\u00dfen 2020"},"content":{"rendered":"\t\t<div data-elementor-type=\"wp-page\" data-elementor-id=\"201\" class=\"elementor elementor-201\">\n\t\t\t\t\t\t<section class=\"elementor-section elementor-top-section elementor-element elementor-element-f6e4c49 elementor-section-boxed elementor-section-height-default elementor-section-height-default\" data-id=\"f6e4c49\" data-element_type=\"section\" data-e-type=\"section\">\n\t\t\t\t\t\t<div class=\"elementor-container elementor-column-gap-default\">\n\t\t\t\t\t<div class=\"elementor-column elementor-col-100 elementor-top-column elementor-element elementor-element-3b6da5d\" data-id=\"3b6da5d\" data-element_type=\"column\" data-e-type=\"column\">\n\t\t\t<div class=\"elementor-widget-wrap elementor-element-populated\">\n\t\t\t\t\t\t<div class=\"elementor-element elementor-element-f286347 elementor-widget elementor-widget-text-editor\" data-id=\"f286347\" data-element_type=\"widget\" data-e-type=\"widget\" data-widget_type=\"text-editor.default\">\n\t\t\t\t<div class=\"elementor-widget-container\">\n\t\t\t\t\t\t\t\t\t<div>Werte Kameraden,<\/div><div>\u00a0<\/div><div>aus gegebenem Anla\u00df mu\u00df ich unser diesj\u00e4hriges Kreisschie\u00dfen leider auf unbestimmte zeit verschiebe<span style=\"font-family: Roboto, sans-serif; font-size: 14px; font-style: normal; font-weight: 400; color: var( --e-global-color-text );\">W<\/span><span style=\"font-size: 14px; color: var( --e-global-color-text );\">n.<\/span><\/div><div>Ich habe mich mit verschiedenen Stellen wie Gesundheitsamt, Landratsamt, Bundesschi<span style=\"font-size: 14px; color: var( --e-global-color-text );\">e\u00dfwart und Lochb\u00fchl<\/span><\/div><div>in Verbindung gesetzt und anschlie\u00dfend zu dieser leider unumg\u00e4nglichen Ma\u00dfnahme entschlossen.<\/div><div>\u00a0<\/div><div>Aufgeschoben hei\u00dft nicht aufgehoben. Sobald sich die Lage zum positiven ver\u00e4ndert hat,<\/div><div>werden wir selbstvert\u00e4ndlich unser traditinelles Kreisschie\u00dfen abhalten.<\/div><div>\u00a0<\/div><div>Mit kameradschaftlichen Gr\u00fc\u00dfen<\/div><div>in Treue fest<\/div><div>\u00a0<\/div><div>Hans\u00a0<\/div><div class=\"signature\"><p>Johann Riedlinger<\/p><p>Kreissschie\u00dfw.\/stellv. Kreisvors.<br \/>Wunsiedel\/Oberfranken<\/p><\/div>\t\t\t\t\t\t\t\t<\/div>\n\t\t\t\t<\/div>\n\t\t\t\t\t<\/div>\n\t\t<\/div>\n\t\t\t\t\t<\/div>\n\t\t<\/section>\n\t\t\t\t<\/div>\n\t\t","protected":false},"excerpt":{"rendered":"<p>Werte Kameraden,\u00a0aus gegebenem Anla\u00df mu\u00df ich unser diesj\u00e4hriges Kreisschie\u00dfen leider auf unbestimmte zeit verschiebeWn.Ich habe mich mit verschiedenen Stellen wie Gesundheitsamt, Landratsamt, Bundesschie\u00dfwart und Lochb\u00fchlin Verbindung gesetzt und anschlie\u00dfend zu [&hellip;]<\/p>\n","protected":false},"author":1,"featured_media":0,"parent":0,"menu_order":0,"comment_status":"closed","ping_status":"closed","template":"","meta":{"footnotes":""},"class_list":["post-201","page","type-page","status-publish","hentry"],"_links":{"self":[{"href":"http:\/\/sg-edelweiss-lochbuehl.com\/index.php?rest_route=\/wp\/v2\/pages\/201","targetHints":{"allow":["GET"]}}],"collection":[{"href":"http:\/\/sg-edelweiss-lochbuehl.com\/index.php?rest_route=\/wp\/v2\/pages"}],"about":[{"href":"http:\/\/sg-edelweiss-lochbuehl.com\/index.php?rest_route=\/wp\/v2\/types\/page"}],"author":[{"embeddable":true,"href":"http:\/\/sg-edelweiss-lochbuehl.com\/index.php?rest_route=\/wp\/v2\/users\/1"}],"replies":[{"embeddable":true,"href":"http:\/\/sg-edelweiss-lochbuehl.com\/index.php?rest_route=%2Fwp%2Fv2%2Fcomments&post=201"}],"version-history":[{"count":8,"href":"http:\/\/sg-edelweiss-lochbuehl.com\/index.php?rest_route=\/wp\/v2\/pages\/201\/revisions"}],"predecessor-version":[{"id":239,"href":"http:\/\/sg-edelweiss-lochbuehl.com\/index.php?rest_route=\/wp\/v2\/pages\/201\/revisions\/239"}],"wp:attachment":[{"href":"http:\/\/sg-edelweiss-lochbuehl.com\/index.php?rest_route=%2Fwp%2Fv2%2Fmedia&parent=201"}],"curies":[{"name":"wp","href":"https:\/\/api.w.org\/{rel}","templated":true}]}}