{"id":40,"date":"2020-01-23T14:47:12","date_gmt":"2020-01-23T14:47:12","guid":{"rendered":"http:\/\/sg-edelweiss-lochbuehl.com\/?page_id=40"},"modified":"2026-01-30T16:17:42","modified_gmt":"2026-01-30T15:17:42","slug":"hinweise-downloads","status":"publish","type":"page","link":"http:\/\/sg-edelweiss-lochbuehl.com\/?page_id=40","title":{"rendered":"Hinweise \/ Downloads"},"content":{"rendered":"\t\t<div data-elementor-type=\"wp-page\" data-elementor-id=\"40\" class=\"elementor elementor-40\">\n\t\t\t\t\t\t<section class=\"elementor-section elementor-top-section elementor-element elementor-element-b5e6981 elementor-section-boxed elementor-section-height-default elementor-section-height-default\" data-id=\"b5e6981\" data-element_type=\"section\" data-e-type=\"section\">\n\t\t\t\t\t\t<div class=\"elementor-container elementor-column-gap-default\">\n\t\t\t\t\t<div class=\"elementor-column elementor-col-100 elementor-top-column elementor-element elementor-element-56bfee0\" data-id=\"56bfee0\" data-element_type=\"column\" data-e-type=\"column\">\n\t\t\t<div class=\"elementor-widget-wrap elementor-element-populated\">\n\t\t\t\t\t\t<div class=\"elementor-element elementor-element-028d597 elementor-widget elementor-widget-heading\" data-id=\"028d597\" data-element_type=\"widget\" data-e-type=\"widget\" data-widget_type=\"heading.default\">\n\t\t\t\t<div class=\"elementor-widget-container\">\n\t\t\t\t\t<h2 class=\"elementor-heading-title elementor-size-default\">SG Edelwei\u00df Lochb\u00fchl<\/h2>\t\t\t\t<\/div>\n\t\t\t\t<\/div>\n\t\t\t\t\t<\/div>\n\t\t<\/div>\n\t\t\t\t\t<\/div>\n\t\t<\/section>\n\t\t\t\t<section class=\"elementor-section elementor-top-section elementor-element elementor-element-205e180d elementor-section-boxed elementor-section-height-default elementor-section-height-default\" data-id=\"205e180d\" data-element_type=\"section\" data-e-type=\"section\">\n\t\t\t\t\t\t<div class=\"elementor-container elementor-column-gap-default\">\n\t\t\t\t\t<div class=\"elementor-column elementor-col-100 elementor-top-column elementor-element elementor-element-6aadb7b9\" data-id=\"6aadb7b9\" data-element_type=\"column\" data-e-type=\"column\">\n\t\t\t<div class=\"elementor-widget-wrap elementor-element-populated\">\n\t\t\t\t\t\t<div class=\"elementor-element elementor-element-6315c92f elementor-widget elementor-widget-text-editor\" data-id=\"6315c92f\" data-element_type=\"widget\" data-e-type=\"widget\" data-widget_type=\"text-editor.default\">\n\t\t\t\t<div class=\"elementor-widget-container\">\n\t\t\t\t\t\t\t\t\t<p>Auf dieser Seite ver\u00f6ffentlichen wir regelm\u00e4\u00dfig Neuigkeiten aus dem Schie\u00dfsport. Vielleicht ist auch f\u00fcr Sie etwas interessantes dabei:<\/p>\n<p><!-- \/wp:paragraph --><!-- wp:paragraph --><\/p>\n<p><a href=\"http:\/\/sg-edelweiss-lochbuehl.com\/wp-content\/uploads\/2020\/04\/Aufnahmeformular-2020.pdf\">Aufnahmeformular<\/a><\/p>\n<p><!-- \/wp:paragraph --><!-- wp:paragraph --><\/p>\n<p><a href=\"http:\/\/sg-edelweiss-lochbuehl.com\/wp-content\/uploads\/2026\/01\/satzung-edelwei.pdf\">Satzung der SG Edelwei\u00df Lochb\u00fchl<\/a><\/p>\n<p><!-- \/wp:paragraph --><!-- wp:paragraph --><\/p>\n<p><a href=\"http:\/\/sg-edelweiss-lochbuehl.com\/wp-content\/uploads\/2026\/01\/Jahresprogramm-2026.pdf\">Jahresplan 2026<\/a><\/p>\n<p><!-- \/wp:paragraph --><!-- wp:paragraph --><\/p>\n<p>Schie\u00dfaufsichten 2026<\/p>\n<p>\u00a0<\/p>\n<p>\u00a0<\/p>\n<p><!-- \/wp:paragraph --><!-- wp:paragraph --><\/p>\n<p>\u00a0<\/p>\n<p><!-- \/wp:paragraph --><\/p>\t\t\t\t\t\t\t\t<\/div>\n\t\t\t\t<\/div>\n\t\t\t\t\t<\/div>\n\t\t<\/div>\n\t\t\t\t\t<\/div>\n\t\t<\/section>\n\t\t\t\t<section class=\"elementor-section elementor-top-section elementor-element elementor-element-94c1307 elementor-section-boxed elementor-section-height-default elementor-section-height-default\" data-id=\"94c1307\" data-element_type=\"section\" data-e-type=\"section\">\n\t\t\t\t\t\t<div class=\"elementor-container elementor-column-gap-default\">\n\t\t\t\t\t<div class=\"elementor-column elementor-col-100 elementor-top-column elementor-element elementor-element-d7b2fbc\" data-id=\"d7b2fbc\" data-element_type=\"column\" data-e-type=\"column\">\n\t\t\t<div class=\"elementor-widget-wrap elementor-element-populated\">\n\t\t\t\t\t\t<div class=\"elementor-element elementor-element-6d6ab30 elementor-widget elementor-widget-heading\" data-id=\"6d6ab30\" data-element_type=\"widget\" data-e-type=\"widget\" data-widget_type=\"heading.default\">\n\t\t\t\t<div class=\"elementor-widget-container\">\n\t\t\t\t\t<h2 class=\"elementor-heading-title elementor-size-default\">Waffenerwerb \/ Formulare <\/h2>\t\t\t\t<\/div>\n\t\t\t\t<\/div>\n\t\t\t\t<div class=\"elementor-element elementor-element-ae8877b elementor-widget elementor-widget-text-editor\" data-id=\"ae8877b\" data-element_type=\"widget\" data-e-type=\"widget\" data-widget_type=\"text-editor.default\">\n\t\t\t\t<div class=\"elementor-widget-container\">\n\t\t\t\t\t\t\t\t\t<p><!-- wp:paragraph --><\/p>\n<p><span style=\"font-size: 14px; color: var( --e-global-color-text );\">Formulare f\u00fcr den Waffenerwerb: &gt; &gt; &gt; Bed\u00fcrfnisantr\u00e4ge werden ab 1.Juli 2006 nur noch vom BSSB b\u2026<\/span><\/p>\n<p><a href=\"https:\/\/www.gau-nordost.de\/index_htm_files\/Leitfaden%20wesentliche%20Teile%20im%20neuen%20Waffengesetz.pdf\">Leitfaden Wesentliche Teile im neuen\u00a0<span style=\"font-size: 14px; color: var( --e-global-color-text );\">Waffengesetz<\/span><\/a><\/p>\n<p><a href=\"https:\/\/www.gau-nordost.de\/index_htm_files\/Richtlinien_Waffenbefuerwortung.pdf\">Richtlinien zur Waffenbef\u00fcrwortung<\/a><\/p>\n<p><a href=\"https:\/\/www.gau-nordost.de\/index_htm_files\/Antrag%20WBK%20gelb.pdf\">Antrag &#8222;Gelbe Waffenbesitzkarte&#8220;<\/a><\/p>\n<p><a href=\"https:\/\/www.gau-nordost.de\/index_htm_files\/Antrag%20WBK%20gruen.pdf\">Antrag &#8222;Gr\u00fcne Waffenbesitzkarte&#8220;<\/a><\/p>\n<p><a href=\"https:\/\/www.gau-nordost.de\/index_htm_files\/Antrag%20WBK%20gruen.pdf\">Bed\u00fcrfnisantrag<\/a><\/p>\n<p><a href=\"http:\/\/sg-edelweiss-lochbuehl.com\/wp-content\/uploads\/2023\/09\/2023-Beduerfnisnachweis.pdf\">Bed\u00fcrfnisantrag \u00a714 Absatz 4 WaffG<\/a><\/p>\n<p>Nachweis der Wettkampfteilnahme<\/p>\n<p>Nachweis vorhandener halbautomatischer Langwaffen<\/p>\n<p>Nachweis vorhandener Kurzwaffen<\/p>\n<p><a href=\"https:\/\/www.gau-nordost.de\/index_htm_files\/Wunsiedel_Antrag.pdf\">Antrag Inbesitznahme\/\u00dcberlassen einer Waffe (LRA Wunsiedel)<\/a><\/p>\n<p>Antrag \u00fcber den Erwerb einer Waffe (LRA Hof)<\/p>\n<p>Antrag \u00fcber das \u00dcberlassen einer Waffe (LRA Hof)<\/p>\n<p>Transport von Schusswaffen<\/p>\n<p><a href=\"https:\/\/www.gau-nordost.de\/index_htm_files\/Waffenaufbewahrung%20DSB.pdf\">Waffen und Munition richtig aufbewahren<\/a><\/p>\n<p>Aufbewahrung von Waffen und Munition in Sch\u00fctzenh\u00e4usern<\/p>\n<p>Aufbewahrung von Zimmerstutzen<\/p>\n<p>Leihvertrag f\u00fcr Schusswaffen<\/p>\n<p>Begleitpapier zum Transport einer erlaubnispflichtigen Waffe und Munition<\/p>\n<p>Kaufvertrag f\u00fcr eine gebrauchte Schusswaffe<\/p>\n<p>Hinweise zur Kontrolle der Aufbewahrung<\/p>\n<p><a href=\"https:\/\/www.gau-nordost.de\/index_htm_files\/Erben%20von%20Waffen.pdf\">Erben oder Vererben von Waffen<\/a><\/p>\n<p>\u00a0<\/p>\n<p><!-- \/wp:paragraph --><\/p>\t\t\t\t\t\t\t\t<\/div>\n\t\t\t\t<\/div>\n\t\t\t\t\t<\/div>\n\t\t<\/div>\n\t\t\t\t\t<\/div>\n\t\t<\/section>\n\t\t\t\t<section class=\"elementor-section elementor-top-section elementor-element elementor-element-08387eb elementor-section-boxed elementor-section-height-default elementor-section-height-default\" data-id=\"08387eb\" data-element_type=\"section\" data-e-type=\"section\">\n\t\t\t\t\t\t<div class=\"elementor-container elementor-column-gap-default\">\n\t\t\t\t\t<div class=\"elementor-column elementor-col-100 elementor-top-column elementor-element elementor-element-885bedd\" data-id=\"885bedd\" data-element_type=\"column\" data-e-type=\"column\">\n\t\t\t<div class=\"elementor-widget-wrap elementor-element-populated\">\n\t\t\t\t\t\t<div class=\"elementor-element elementor-element-2319776 elementor-widget elementor-widget-heading\" data-id=\"2319776\" data-element_type=\"widget\" data-e-type=\"widget\" data-widget_type=\"heading.default\">\n\t\t\t\t<div class=\"elementor-widget-container\">\n\t\t\t\t\t<h2 class=\"elementor-heading-title elementor-size-default\">B\u00f6llersch\u00fctzen<\/h2>\t\t\t\t<\/div>\n\t\t\t\t<\/div>\n\t\t\t\t\t<\/div>\n\t\t<\/div>\n\t\t\t\t\t<\/div>\n\t\t<\/section>\n\t\t\t\t<section class=\"elementor-section elementor-top-section elementor-element elementor-element-bafbe70 elementor-section-boxed elementor-section-height-default elementor-section-height-default\" data-id=\"bafbe70\" data-element_type=\"section\" data-e-type=\"section\">\n\t\t\t\t\t\t<div class=\"elementor-container elementor-column-gap-default\">\n\t\t\t\t\t<div class=\"elementor-column elementor-col-100 elementor-top-column elementor-element elementor-element-5c14118\" data-id=\"5c14118\" data-element_type=\"column\" data-e-type=\"column\">\n\t\t\t<div class=\"elementor-widget-wrap elementor-element-populated\">\n\t\t\t\t\t\t<div class=\"elementor-element elementor-element-0b393ce elementor-widget elementor-widget-text-editor\" data-id=\"0b393ce\" data-element_type=\"widget\" data-e-type=\"widget\" data-widget_type=\"text-editor.default\">\n\t\t\t\t<div class=\"elementor-widget-container\">\n\t\t\t\t\t\t\t\t\t<p><!-- wp:paragraph --><\/p>\n<p><strong><a style=\"font-size: 14px;\" href=\"http:\/\/sg-edelweiss-lochbuehl.com\/wp-content\/uploads\/2022\/11\/Boellerschiessenhandbuch.pdf\">B\u00f6llerhandbuch<\/a><\/strong><\/p>\n<p><strong><a href=\"https:\/\/www.gau-nordost.de\/index_htm_files\/Vorderlader%20und%20%20Boellerschiessen.pdf\">Vorderlader- und\/ oder B\u00f6llerschie\u00dfen<\/a><\/strong><\/p>\n<p><strong><a href=\"https:\/\/www.gau-nordost.de\/index_htm_files\/Bescheinigung%20Beduerfnis%20Paragraph%2027%20SprengG.pdf\">Bescheinigung \u00a7 27 Abs. 3 Nr. 2 SprengG<\/a><\/strong><\/p>\n<p><a href=\"https:\/\/www.bssb-oberfranken.de\/downloads\/2016_10_22_Bayerische_B%C3%B6llersch%C3%BCtzenordnung.pdf?v2017041808\"><strong>B\u00f6llersch\u00fctzenordnung &#8222;Aktuell&#8220;<\/strong>\u00a0\u00bb<\/a><br \/><small>B\u00f6llersch\u00fctzenordnung vom 22.11.2016<\/small><\/p>\n<p><a href=\"https:\/\/www.bssb-oberfranken.de\/downloads\/2016-12-20_Info-Boeller_Wiederholungspruefung-Boellerbeschuss.pdf?v2017010919\"><strong>Wiederholungspr\u00fcfungen von B\u00f6llerger\u00e4ten<\/strong>\u00a0Info des Staatsministeriums \u00bb<\/a><\/p>\n<p><a href=\"https:\/\/www.bssb-oberfranken.de\/downloads\/2012_Beschussgebuehrenverordnung.pdf?v2016042915\"><strong>Beschussgeb\u00fchrenverordnung<\/strong>\u00a0(Stand: Dez 2012) \u00bb<\/a><\/p>\n<p><a href=\"https:\/\/www.bssb-oberfranken.de\/downloads\/2014_Checkliste-BSSB-Organisation-Boellertreffen.pdf?v2016042915\"><strong>Checkliste zur Organisation von B\u00f6llersch\u00fctzentreffen<\/strong>\u00a0(Stand: Aug 2014) \u00bb<\/a><\/p>\n<p><a href=\"https:\/\/www.bssb-oberfranken.de\/downloads\/2013-06_Ehrenordnung-Boellerschuetzen-Bezirk-Ofr.pdf?v2016042915\"><strong>Ehrungsordnung f\u00fcr B\u00f6llersch\u00fctzen Oberfrankens<\/strong>\u00a0Ordnung (Stand: Jun 2013) \u00bb<\/a><\/p>\n<p><a href=\"https:\/\/www.bssb-oberfranken.de\/downloads\/2014-06_Info-Pulvertransport-Austria.pdf?v2016042915\"><strong>Pulvertransport von\/nach \u00d6sterreich<\/strong>\u00a0Info (Stand: Jun 2014) \u00bb<\/a><\/p>\n<p><a href=\"https:\/\/www.bssb-oberfranken.de\/downloads\/2013-Regeln-fuer-Boellerschuetzen-Ofr.pdf?v2016042915\"><strong>Regeln f\u00fcr B\u00f6llersch\u00fctzen<\/strong>\u00a0(Stand: 2013) \u00bb<\/a><\/p>\n<p><a href=\"https:\/\/www.bssb-oberfranken.de\/downloads\/2011_Sicherheitsregeln-Boellerschuetzen.pdf?v2016042915\"><strong>Sicherheitsregeln f\u00fcr B\u00f6llersch\u00fctzen<\/strong>\u00a0(Stand: Jan 2011) \u00bb<\/a><\/p>\n<p><a href=\"https:\/\/www.bssb-oberfranken.de\/downloads\/2012-04_Leitfaden-Gruendung_Boellergruppe.pdf?v2016042915\"><strong>Leitfaden zur Gr\u00fcndung einer B\u00f6llergruppe<\/strong>\u00a0(Stand: Apr 2012) \u00bb<\/a><\/p>\n<p><a href=\"https:\/\/www.bssb-oberfranken.de\/downloads\/2012-04_Leitfaden-Gruendung_Boellerverein.pdf?v2016042915\"><strong>Leitfaden zur Gr\u00fcndung eines B\u00f6llervereins<\/strong>\u00a0(Stand: Apr 2012) \u00bb<\/a><\/p>\n<p><a href=\"https:\/\/www.bssb-oberfranken.de\/downloads\/Bestellformular-Boellerabzeichen-Oberfranken.pdf?v2025012516\"><strong>B\u00f6llerabzeichen Bezirk Oberfranken<\/strong>\u00a0Bestellformular (Stand: 2025) \u00bb<\/a><\/p>\n<p><a href=\"https:\/\/www.bssb-oberfranken.de\/downloads\/2015_Antrag-Boellerehrenzeichen-Oberfranken.pdf?v2016042900\"><strong>B\u00f6llerehrenzeichen Bezirk Oberfranken<\/strong>\u00a0Antragsformular (Stand: 2015) \u00bb<\/a><\/p>\n<p><a href=\"https:\/\/www.bssb-oberfranken.de\/downloads\/2015_Antrag-BSSB-Boellerehrenzeichen-in-Gold.pdf?v2016042915\"><strong>B\u00f6llerehrenzeichen BSSB in Gold<\/strong>\u00a0Antragsformular (Stand: 2015) \u00bb<\/a><\/p>\n<p><a href=\"https:\/\/www.bssb-oberfranken.de\/downloads\/2015_Antrag-BSSB-Boellerehrenzeichen-in-Silber.pdf?v2016042915\"><strong>B\u00f6llerehrenzeichen BSSB in Silber<\/strong>\u00a0Antragsformular (Stand: 2015) \u00bb<\/a><\/p>\n<p><a href=\"https:\/\/www.bssb-oberfranken.de\/downloads\/2015_Versicherungsschutz_Boeller.pdf?v2016042915\"><strong>Versicherungsschutz beim B\u00f6llerschie\u00dfen<\/strong>\u00a0Info (Stand: 2015) \u00bb<\/a><\/p>\n<p><a href=\"https:\/\/www.bssb-oberfranken.de\/downloads\/Gebet-fuer-Boellersch%C3%BCtzen.pdf?v2016042915\"><strong>Gebet f\u00fcr B\u00f6llersch\u00fctzen<\/strong>\u00a0\u00bb<\/a><\/p>\n<p>\u00a0<\/p>\n<p><!-- \/wp:paragraph --><\/p>\t\t\t\t\t\t\t\t<\/div>\n\t\t\t\t<\/div>\n\t\t\t\t\t<\/div>\n\t\t<\/div>\n\t\t\t\t\t<\/div>\n\t\t<\/section>\n\t\t\t\t<section class=\"elementor-section elementor-top-section elementor-element elementor-element-860b8c8 elementor-section-boxed elementor-section-height-default elementor-section-height-default\" data-id=\"860b8c8\" data-element_type=\"section\" data-e-type=\"section\">\n\t\t\t\t\t\t<div class=\"elementor-container elementor-column-gap-default\">\n\t\t\t\t\t<div class=\"elementor-column elementor-col-100 elementor-top-column elementor-element elementor-element-dd60392\" data-id=\"dd60392\" data-element_type=\"column\" data-e-type=\"column\">\n\t\t\t<div class=\"elementor-widget-wrap elementor-element-populated\">\n\t\t\t\t\t\t<div class=\"elementor-element elementor-element-c3547b4 elementor-widget elementor-widget-text-editor\" data-id=\"c3547b4\" data-element_type=\"widget\" data-e-type=\"widget\" data-widget_type=\"text-editor.default\">\n\t\t\t\t<div class=\"elementor-widget-container\">\n\t\t\t\t\t\t\t\t\t<p>Wenn Sie die angebotenen Formulare ausf\u00fcllen, \u00fcbernimmt die SG Edelwei\u00df Lochb\u00fchl\u00a0 keine Verantwortung auf deren Richtigkeit<\/p>\t\t\t\t\t\t\t\t<\/div>\n\t\t\t\t<\/div>\n\t\t\t\t\t<\/div>\n\t\t<\/div>\n\t\t\t\t\t<\/div>\n\t\t<\/section>\n\t\t\t\t<\/div>\n\t\t","protected":false},"excerpt":{"rendered":"<p>SG Edelwei\u00df Lochb\u00fchl Auf dieser Seite ver\u00f6ffentlichen wir regelm\u00e4\u00dfig Neuigkeiten aus dem Schie\u00dfsport. Vielleicht ist auch f\u00fcr Sie etwas interessantes dabei: Aufnahmeformular Satzung der SG Edelwei\u00df Lochb\u00fchl Jahresplan 2026 Schie\u00dfaufsichten [&hellip;]<\/p>\n","protected":false},"author":1,"featured_media":0,"parent":0,"menu_order":0,"comment_status":"closed","ping_status":"closed","template":"","meta":{"footnotes":""},"class_list":["post-40","page","type-page","status-publish","hentry"],"_links":{"self":[{"href":"http:\/\/sg-edelweiss-lochbuehl.com\/index.php?rest_route=\/wp\/v2\/pages\/40","targetHints":{"allow":["GET"]}}],"collection":[{"href":"http:\/\/sg-edelweiss-lochbuehl.com\/index.php?rest_route=\/wp\/v2\/pages"}],"about":[{"href":"http:\/\/sg-edelweiss-lochbuehl.com\/index.php?rest_route=\/wp\/v2\/types\/page"}],"author":[{"embeddable":true,"href":"http:\/\/sg-edelweiss-lochbuehl.com\/index.php?rest_route=\/wp\/v2\/users\/1"}],"replies":[{"embeddable":true,"href":"http:\/\/sg-edelweiss-lochbuehl.com\/index.php?rest_route=%2Fwp%2Fv2%2Fcomments&post=40"}],"version-history":[{"count":41,"href":"http:\/\/sg-edelweiss-lochbuehl.com\/index.php?rest_route=\/wp\/v2\/pages\/40\/revisions"}],"predecessor-version":[{"id":1277,"href":"http:\/\/sg-edelweiss-lochbuehl.com\/index.php?rest_route=\/wp\/v2\/pages\/40\/revisions\/1277"}],"wp:attachment":[{"href":"http:\/\/sg-edelweiss-lochbuehl.com\/index.php?rest_route=%2Fwp%2Fv2%2Fmedia&parent=40"}],"curies":[{"name":"wp","href":"https:\/\/api.w.org\/{rel}","templated":true}]}}