{"id":181,"date":"2020-03-26T12:23:11","date_gmt":"2020-03-26T12:23:11","guid":{"rendered":"http:\/\/sg-edelweiss-lochbuehl.com\/?page_id=181"},"modified":"2024-09-19T10:44:28","modified_gmt":"2024-09-19T08:44:28","slug":"waffensachkunde-2019","status":"publish","type":"page","link":"https:\/\/sg-edelweiss-lochbuehl.com\/?page_id=181","title":{"rendered":"Waffensachkunde 2024"},"content":{"rendered":"\t\t<div data-elementor-type=\"wp-page\" data-elementor-id=\"181\" class=\"elementor elementor-181\">\n\t\t\t\t\t\t<section class=\"elementor-section elementor-top-section elementor-element elementor-element-e83647f elementor-section-boxed elementor-section-height-default elementor-section-height-default\" data-id=\"e83647f\" data-element_type=\"section\" data-e-type=\"section\">\n\t\t\t\t\t\t<div class=\"elementor-container elementor-column-gap-default\">\n\t\t\t\t\t<div class=\"elementor-column elementor-col-100 elementor-top-column elementor-element elementor-element-996df9f\" data-id=\"996df9f\" data-element_type=\"column\" data-e-type=\"column\">\n\t\t\t<div class=\"elementor-widget-wrap elementor-element-populated\">\n\t\t\t\t\t\t<div class=\"elementor-element elementor-element-a91d4fb elementor-widget elementor-widget-text-editor\" data-id=\"a91d4fb\" data-element_type=\"widget\" data-e-type=\"widget\" data-widget_type=\"text-editor.default\">\n\t\t\t\t<div class=\"elementor-widget-container\">\n\t\t\t\t\t\t\t\t\t<p>Waffen- und Sachkundelehrgang\u00a0<\/p><div class=\"blog-beitrag\"><h4>ANGEBOT<\/h4><h4>\u00a0\u00a0<\/h4><p>Die SG Edelwei\u00df Lochb\u00fchl\u00a0 bietet 2024 wieder einen Waffen- und Sachkundelehrgang an.<\/p><div><h2>\u00a0<\/h2><\/div><h2><strong>\u00a0 \u00a0 \u00a0 \u00a0 \u00a0 \u00a0 \u00a0 \u00a0 \u00a0 \u00a0 \u00a0 \u00a0 \u00a0 \u00a0 \u00a0 \u00a0 \u00a0 \u00a0 \u00a0 \u00a0 \u00a0 \u00a0 Termin 26.10.24 und 27.10.24 Teil 1<\/strong><\/h2><h2><strong>\u00a0 \u00a0 \u00a0 \u00a0 \u00a0 \u00a0 \u00a0 \u00a0 \u00a0 \u00a0 \u00a0 \u00a0 \u00a0 \u00a0 \u00a0 \u00a0 \u00a0 \u00a0 \u00a0 \u00a0 \u00a0 \u00a0 \u00a0 \u00a0 \u00a0 \u00a0 \u00a0 \u00a0 \u00a0 02.11.24 und 03.11.24 Teil 2<\/strong><\/h2><p><span style=\"font-size: 16px; color: var( --e-global-color-text ); letter-spacing: 0px;\">Diese Schulung ist f\u00fcr die Ausbildung zum C-Trainer und J-Schein erforderlich.<\/span><\/p><p>Thema: Sachkundenachweis nach WaffG<\/p><p>Referenten: Thomas N\u00fcrnberger<\/p><p>Ort:Sch\u00fctzenhaus SG Edelwei\u00df Lochb\u00fchl, zum Sch\u00fctzenhaus 8, 95697 Nagel\/Lochb\u00fchl<\/p><p>Teilnehmerzahl: mindestens 4, h\u00f6chstens 15 Personen<\/p><p>Dauer: 25 UE =\u00a0 Abende plus Pr\u00fcfung und Schie\u00dfpraxis<\/p><p>Voraussetzung: Mindestalter 16 Jahre<\/p><p>Lehrmittel: ist im Kurspreis mit enthalten.<\/p><p>Mit Sch\u00fctzengru\u00df<\/p><p>Thomas N\u00fcrnberger<\/p><\/div><h4><a href=\"https:\/\/sg-edelweiss-lochbuehl.com\/?page_id=921\">Anmeldung\/Online<\/a><\/h4><div>\u00a0<\/div><h4><a href=\"http:\/\/sg-edelweiss-lochbuehl.com\/wp-content\/uploads\/2024\/09\/Anmeldung_zur_Waffensachkunde_Unterweisung-3.pdf\">Ausschreibung<\/a><\/h4><div>\u00a0<\/div><h4><a href=\"http:\/\/sg-edelweiss-lochbuehl.com\/wp-content\/uploads\/2024\/09\/Lehrplan-Waffensachkunde-Okt2024-1.pdf\">Lehrgang<\/a><\/h4><p><!-- \/wp:paragraph --><\/p>\t\t\t\t\t\t\t\t<\/div>\n\t\t\t\t<\/div>\n\t\t\t\t\t<\/div>\n\t\t<\/div>\n\t\t\t\t\t<\/div>\n\t\t<\/section>\n\t\t\t\t<\/div>\n\t\t","protected":false},"excerpt":{"rendered":"<p>Waffen- und Sachkundelehrgang\u00a0 ANGEBOT \u00a0\u00a0 Die SG Edelwei\u00df Lochb\u00fchl\u00a0 bietet 2024 wieder einen Waffen- und Sachkundelehrgang an. \u00a0 \u00a0 \u00a0 \u00a0 \u00a0 \u00a0 \u00a0 \u00a0 \u00a0 \u00a0 \u00a0 \u00a0 \u00a0 [&hellip;]<\/p>\n","protected":false},"author":1,"featured_media":790,"parent":0,"menu_order":0,"comment_status":"closed","ping_status":"closed","template":"","meta":{"footnotes":""},"class_list":["post-181","page","type-page","status-publish","has-post-thumbnail","hentry"],"_links":{"self":[{"href":"https:\/\/sg-edelweiss-lochbuehl.com\/index.php?rest_route=\/wp\/v2\/pages\/181","targetHints":{"allow":["GET"]}}],"collection":[{"href":"https:\/\/sg-edelweiss-lochbuehl.com\/index.php?rest_route=\/wp\/v2\/pages"}],"about":[{"href":"https:\/\/sg-edelweiss-lochbuehl.com\/index.php?rest_route=\/wp\/v2\/types\/page"}],"author":[{"embeddable":true,"href":"https:\/\/sg-edelweiss-lochbuehl.com\/index.php?rest_route=\/wp\/v2\/users\/1"}],"replies":[{"embeddable":true,"href":"https:\/\/sg-edelweiss-lochbuehl.com\/index.php?rest_route=%2Fwp%2Fv2%2Fcomments&post=181"}],"version-history":[{"count":66,"href":"https:\/\/sg-edelweiss-lochbuehl.com\/index.php?rest_route=\/wp\/v2\/pages\/181\/revisions"}],"predecessor-version":[{"id":1095,"href":"https:\/\/sg-edelweiss-lochbuehl.com\/index.php?rest_route=\/wp\/v2\/pages\/181\/revisions\/1095"}],"wp:featuredmedia":[{"embeddable":true,"href":"https:\/\/sg-edelweiss-lochbuehl.com\/index.php?rest_route=\/wp\/v2\/media\/790"}],"wp:attachment":[{"href":"https:\/\/sg-edelweiss-lochbuehl.com\/index.php?rest_route=%2Fwp%2Fv2%2Fmedia&parent=181"}],"curies":[{"name":"wp","href":"https:\/\/api.w.org\/{rel}","templated":true}]}}