{"id":183,"date":"2020-03-26T12:24:04","date_gmt":"2020-03-26T12:24:04","guid":{"rendered":"http:\/\/sg-edelweiss-lochbuehl.com\/?page_id=183"},"modified":"2020-03-26T12:32:37","modified_gmt":"2020-03-26T12:32:37","slug":"waffensachkunde-2019-2","status":"publish","type":"page","link":"https:\/\/sg-edelweiss-lochbuehl.com\/?page_id=183","title":{"rendered":"Waffensachkunde 2019"},"content":{"rendered":"\t\t<div data-elementor-type=\"wp-page\" data-elementor-id=\"183\" class=\"elementor elementor-183\">\n\t\t\t\t\t\t<section class=\"elementor-section elementor-top-section elementor-element elementor-element-ad838a4 elementor-section-boxed elementor-section-height-default elementor-section-height-default\" data-id=\"ad838a4\" data-element_type=\"section\" data-e-type=\"section\">\n\t\t\t\t\t\t<div class=\"elementor-container elementor-column-gap-default\">\n\t\t\t\t\t<div class=\"elementor-column elementor-col-100 elementor-top-column elementor-element elementor-element-61790c9\" data-id=\"61790c9\" data-element_type=\"column\" data-e-type=\"column\">\n\t\t\t<div class=\"elementor-widget-wrap elementor-element-populated\">\n\t\t\t\t\t\t<div class=\"elementor-element elementor-element-66dce15 elementor-widget elementor-widget-text-editor\" data-id=\"66dce15\" data-element_type=\"widget\" data-e-type=\"widget\" data-widget_type=\"text-editor.default\">\n\t\t\t\t<div class=\"elementor-widget-container\">\n\t\t\t\t\t\t\t\t\t<h2><strong>Waffensachkunde<\/strong><\/h2><div>\u00a0<\/div><p>Diese Schulung ist f\u00fcr die Ausbildung zum C-Trainer und J-Schein erforderlich.<\/p><p>Thema: Sachkundenachweis nach WaffG<\/p><p>Referenten: Thomas N\u00fcrnberger<\/p><p>Termin: 18.09.19 Beginn: 19:30 Uhr<\/p><p>Termin: 20.09.19 Beginn: 19:30 Uhr<\/p><p>Termin: 22.09.19 Beginn: 09:00 Uhr<\/p><p>Termin: 25.09.19 Beginn: 19:30 Uhr<\/p><p>Termin: 29.09.19 Beginn: 09:00 Uhr<\/p><p>Termin 02.10.19 Beginn: 19:00 Uhr<\/p><p>\u00a0<\/p><h2><strong>Pr\u00fcfung,am 06.10.19 Beginn: 09:00 Uhr<\/strong><\/h2><p>Ort:Sch\u00fctzenhaus SG Edelwei\u00df Lochb\u00fchl, zum Sch\u00fctzenhaus 8, 95697 Nagel\/Lochb\u00fchl<\/p><p>Teilnehmerzahl:mindestens 15, h\u00f6chstens 25Personen<\/p><p>Dauer: 25 UE =\u00a0 Abende plusPr\u00fcfung und Schie\u00dfpraxis<\/p><p>Voraussetzung:Mindestalter 14 Jahre<\/p><p>Lehrmittel:Das Waffensachkundebuch von Karl Heinz Martini in der aktuellsten Auflage. Bei der Anmeldung kann dieses Buch zum Preis von 15,00 Euro bestellt werden. (Nicht zwingend)Der Fragenkatalog f\u00fcr die Sachkundepr\u00fcfung gem\u00e4\u00df \u00a77 WaffGist von den Teilnehmern selbst mitzubringen. ( Internetdownload )<\/p><p>\u00a0<\/p><p><!-- \/wp:paragraph --><\/p><p>\u00a0<\/p>\t\t\t\t\t\t\t\t<\/div>\n\t\t\t\t<\/div>\n\t\t\t\t\t<\/div>\n\t\t<\/div>\n\t\t\t\t\t<\/div>\n\t\t<\/section>\n\t\t\t\t<\/div>\n\t\t","protected":false},"excerpt":{"rendered":"<p>Waffensachkunde \u00a0 Diese Schulung ist f\u00fcr die Ausbildung zum C-Trainer und J-Schein erforderlich. Thema: Sachkundenachweis nach WaffG Referenten: Thomas N\u00fcrnberger Termin: 18.09.19 Beginn: 19:30 Uhr Termin: 20.09.19 Beginn: 19:30 Uhr [&hellip;]<\/p>\n","protected":false},"author":1,"featured_media":0,"parent":0,"menu_order":0,"comment_status":"closed","ping_status":"closed","template":"","meta":{"footnotes":""},"class_list":["post-183","page","type-page","status-publish","hentry"],"_links":{"self":[{"href":"https:\/\/sg-edelweiss-lochbuehl.com\/index.php?rest_route=\/wp\/v2\/pages\/183","targetHints":{"allow":["GET"]}}],"collection":[{"href":"https:\/\/sg-edelweiss-lochbuehl.com\/index.php?rest_route=\/wp\/v2\/pages"}],"about":[{"href":"https:\/\/sg-edelweiss-lochbuehl.com\/index.php?rest_route=\/wp\/v2\/types\/page"}],"author":[{"embeddable":true,"href":"https:\/\/sg-edelweiss-lochbuehl.com\/index.php?rest_route=\/wp\/v2\/users\/1"}],"replies":[{"embeddable":true,"href":"https:\/\/sg-edelweiss-lochbuehl.com\/index.php?rest_route=%2Fwp%2Fv2%2Fcomments&post=183"}],"version-history":[{"count":4,"href":"https:\/\/sg-edelweiss-lochbuehl.com\/index.php?rest_route=\/wp\/v2\/pages\/183\/revisions"}],"predecessor-version":[{"id":199,"href":"https:\/\/sg-edelweiss-lochbuehl.com\/index.php?rest_route=\/wp\/v2\/pages\/183\/revisions\/199"}],"wp:attachment":[{"href":"https:\/\/sg-edelweiss-lochbuehl.com\/index.php?rest_route=%2Fwp%2Fv2%2Fmedia&parent=183"}],"curies":[{"name":"wp","href":"https:\/\/api.w.org\/{rel}","templated":true}]}}