{"id":34,"date":"2020-01-23T14:45:58","date_gmt":"2020-01-23T14:45:58","guid":{"rendered":"http:\/\/sg-edelweiss-lochbuehl.com\/?page_id=34"},"modified":"2026-02-09T11:51:00","modified_gmt":"2026-02-09T10:51:00","slug":"links","status":"publish","type":"page","link":"https:\/\/sg-edelweiss-lochbuehl.com\/?page_id=34","title":{"rendered":"Links"},"content":{"rendered":"\t\t<div data-elementor-type=\"wp-page\" data-elementor-id=\"34\" class=\"elementor elementor-34\">\n\t\t\t\t\t\t<section class=\"elementor-section elementor-top-section elementor-element elementor-element-9c71b9a elementor-section-boxed elementor-section-height-default elementor-section-height-default\" data-id=\"9c71b9a\" data-element_type=\"section\" data-e-type=\"section\">\n\t\t\t\t\t\t<div class=\"elementor-container elementor-column-gap-default\">\n\t\t\t\t\t<div class=\"elementor-column elementor-col-100 elementor-top-column elementor-element elementor-element-1eb5840\" data-id=\"1eb5840\" data-element_type=\"column\" data-e-type=\"column\">\n\t\t\t<div class=\"elementor-widget-wrap elementor-element-populated\">\n\t\t\t\t\t\t<div class=\"elementor-element elementor-element-2b5154f elementor-widget elementor-widget-text-editor\" data-id=\"2b5154f\" data-element_type=\"widget\" data-e-type=\"widget\" data-widget_type=\"text-editor.default\">\n\t\t\t\t<div class=\"elementor-widget-container\">\n\t\t\t\t\t\t\t\t\t<div class=\"wrapper\"><div id=\"main\" class=\"container clearfix\"><div id=\"container\"><div id=\"primary\" class=\"no-margin-left\"><div id=\"content\"><section id=\"post-107\" class=\"post-107 page type-page status-publish hentry\"><article><div class=\"entry-content clearfix\"><div class=\"zpColumn zpColumnWidth1 c12\"><div class=\"zpColumnItem\"><div id=\"a1466\" class=\"articlearea zpwText\" data-articleid=\"1466\"><h1>Auf dieser Seite haben wir f\u00fcr Sie einige interessante Links zusammengestellt.<\/h1><h1><strong>Sch\u00fctzenverb\u00e4nde<\/strong><\/h1><table><tbody><tr><td><a title=\"\" href=\"http:\/\/www.schuetzen-ofr-sued.de\/\" target=\"_blank\" rel=\"noopener noreferrer\">www.schuetzen-ofr-sued.de<\/a><\/td><td>Schuetzengau Oberfranken Sued<\/td><\/tr><tr><td><a title=\"\" href=\"http:\/\/www.bssb-orf.de\/\" target=\"_blank\" rel=\"noopener noreferrer\">www.bssb-orf.de<\/a><\/td><td>Sch\u00fctzenbezirk Oberfranken<\/td><\/tr><tr><td><a title=\"\" href=\"http:\/\/www.bssb.de\/\" target=\"_blank\" rel=\"noopener noreferrer\">www.bssb.de<\/a><\/td><td>Bayerischer Sportsch\u00fctzenbund<\/td><\/tr><tr><td><a title=\"\" href=\"http:\/\/www.dsb.de\/\" target=\"_blank\" rel=\"noopener noreferrer\">www.dsb.de<\/a><\/td><td>Deutscher Sch\u00fctzenbund<\/td><\/tr><\/tbody><\/table><p><a name=\"6007449c1a0c49201\"><\/a><\/p><h1><strong>Sch\u00fctzenbedarf <\/strong><\/h1><table><tbody><tr><td><a title=\"\" href=\"http:\/\/www.schuetzen-ofr-sued.de\/\" target=\"_blank\" rel=\"noopener noreferrer\">www.holme.de<\/a><\/td><td>Holme<\/td><\/tr><tr><td><a title=\"\" href=\"http:\/\/www.bssb-orf.de\/\" target=\"_blank\" rel=\"noopener noreferrer\">www.stelljes.de<\/a><\/td><td>Schie\u00dfsport Stelljes<\/td><\/tr><tr><td><a title=\"\" href=\"http:\/\/www.bssb.de\/\" target=\"_blank\" rel=\"noopener noreferrer\">www.bssb.de<\/a><\/td><td>\u00a0<\/td><\/tr><tr><td>\u00a0<\/td><td>\u00a0<\/td><\/tr><\/tbody><\/table><p><a name=\"5362549c050af8903\"><\/a><\/p><h1><strong>Gewerbe<\/strong><\/h1><table><tbody><tr><td><a title=\"\" href=\"http:\/\/www.edv-systeme-nuernberger.de\/\" target=\"_blank\" rel=\"noopener noreferrer\">www.edv-systeme-nuernberger.de<\/a><\/td><td>EDV-Systeme N\u00fcrnberger Nagel<\/td><\/tr><tr><td><a title=\"\" href=\"http:\/\/www.pension-sturm.de\/\" target=\"_blank\" rel=\"noopener noreferrer\">www.pension-sturm.de<\/a><\/td><td>Fr\u00fchst\u00fccks-Pension Sturm<\/td><\/tr><tr><td><a title=\"\" href=\"http:\/\/www.fichtelsepp.de\" target=\"_blank\" rel=\"noopener noreferrer\">www.fichtelsepp.de<\/a><\/td><td>Genuss-Automat Fichtelsepp<\/td><\/tr><tr><td>\u00a0<\/td><td>\u00a0<\/td><\/tr><tr><td>\u00a0<\/td><td>\u00a0<\/td><\/tr><tr><td>\u00a0<\/td><td>\u00a0<\/td><\/tr><tr><td>\u00a0<\/td><td>\u00a0<\/td><\/tr><\/tbody><\/table><p><a name=\"5362549c050af8b04\"><\/a><\/p><h1><strong>Sonstige Links<\/strong><\/h1><table style=\"height: 129px;\" width=\"229\"><tbody><tr><td><a title=\"\" href=\"http:\/\/www.erholungsort-nagel.de\/\" target=\"_blank\" rel=\"noopener noreferrer\">www.erholungsort-nagel.de<\/a><\/td><td>Gemeinde Nagel<\/td><\/tr><tr><td><a title=\"\" href=\"http:\/\/www.chip.de\/\" target=\"_blank\" rel=\"noopener noreferrer\">www.chip.de<\/a><\/td><td>Chip.de<\/td><\/tr><\/tbody><tbody><tr><td><a title=\"\" href=\"https:\/\/watter.it-rules.de\/\" target=\"_blank\" rel=\"noopener noreferrer\">www.watter.it-rules.de<\/a><\/td><td>Software f\u00fcr Turnierplanung Watten<\/td><\/tr><\/tbody><tbody><tr><td>\u00a0<\/td><td>\u00a0<\/td><\/tr><\/tbody><\/table><\/div><\/div><\/div><\/div><\/article><\/section><\/div><\/div><\/div><\/div><\/div>\t\t\t\t\t\t\t\t<\/div>\n\t\t\t\t<\/div>\n\t\t\t\t\t<\/div>\n\t\t<\/div>\n\t\t\t\t\t<\/div>\n\t\t<\/section>\n\t\t\t\t<section class=\"elementor-section elementor-top-section elementor-element elementor-element-8eac4d5 elementor-section-boxed elementor-section-height-default elementor-section-height-default\" data-id=\"8eac4d5\" data-element_type=\"section\" data-e-type=\"section\">\n\t\t\t\t\t\t<div class=\"elementor-container elementor-column-gap-default\">\n\t\t\t\t\t<div class=\"elementor-column elementor-col-100 elementor-top-column elementor-element elementor-element-e07e233\" data-id=\"e07e233\" data-element_type=\"column\" data-e-type=\"column\">\n\t\t\t<div class=\"elementor-widget-wrap elementor-element-populated\">\n\t\t\t\t\t\t<div class=\"elementor-element elementor-element-91e7f96 elementor-widget-divider--view-line elementor-widget elementor-widget-divider\" data-id=\"91e7f96\" data-element_type=\"widget\" data-e-type=\"widget\" data-widget_type=\"divider.default\">\n\t\t\t\t<div class=\"elementor-widget-container\">\n\t\t\t\t\t\t\t<div class=\"elementor-divider\">\n\t\t\t<span class=\"elementor-divider-separator\">\n\t\t\t\t\t\t<\/span>\n\t\t<\/div>\n\t\t\t\t\t\t<\/div>\n\t\t\t\t<\/div>\n\t\t\t\t\t<\/div>\n\t\t<\/div>\n\t\t\t\t\t<\/div>\n\t\t<\/section>\n\t\t\t\t<\/div>\n\t\t","protected":false},"excerpt":{"rendered":"<p>Auf dieser Seite haben wir f\u00fcr Sie einige interessante Links zusammengestellt. Sch\u00fctzenverb\u00e4nde www.schuetzen-ofr-sued.de Schuetzengau Oberfranken Sued www.bssb-orf.de Sch\u00fctzenbezirk Oberfranken www.bssb.de Bayerischer Sportsch\u00fctzenbund www.dsb.de Deutscher Sch\u00fctzenbund Sch\u00fctzenbedarf www.holme.de Holme www.stelljes.de Schie\u00dfsport [&hellip;]<\/p>\n","protected":false},"author":1,"featured_media":0,"parent":0,"menu_order":0,"comment_status":"closed","ping_status":"closed","template":"","meta":{"footnotes":""},"class_list":["post-34","page","type-page","status-publish","hentry"],"_links":{"self":[{"href":"https:\/\/sg-edelweiss-lochbuehl.com\/index.php?rest_route=\/wp\/v2\/pages\/34","targetHints":{"allow":["GET"]}}],"collection":[{"href":"https:\/\/sg-edelweiss-lochbuehl.com\/index.php?rest_route=\/wp\/v2\/pages"}],"about":[{"href":"https:\/\/sg-edelweiss-lochbuehl.com\/index.php?rest_route=\/wp\/v2\/types\/page"}],"author":[{"embeddable":true,"href":"https:\/\/sg-edelweiss-lochbuehl.com\/index.php?rest_route=\/wp\/v2\/users\/1"}],"replies":[{"embeddable":true,"href":"https:\/\/sg-edelweiss-lochbuehl.com\/index.php?rest_route=%2Fwp%2Fv2%2Fcomments&post=34"}],"version-history":[{"count":9,"href":"https:\/\/sg-edelweiss-lochbuehl.com\/index.php?rest_route=\/wp\/v2\/pages\/34\/revisions"}],"predecessor-version":[{"id":1339,"href":"https:\/\/sg-edelweiss-lochbuehl.com\/index.php?rest_route=\/wp\/v2\/pages\/34\/revisions\/1339"}],"wp:attachment":[{"href":"https:\/\/sg-edelweiss-lochbuehl.com\/index.php?rest_route=%2Fwp%2Fv2%2Fmedia&parent=34"}],"curies":[{"name":"wp","href":"https:\/\/api.w.org\/{rel}","templated":true}]}}