{"id":452,"date":"2023-11-28T12:23:34","date_gmt":"2023-11-28T11:23:34","guid":{"rendered":"https:\/\/sg-edelweiss-lochbuehl.com\/?page_id=452"},"modified":"2024-02-14T15:00:14","modified_gmt":"2024-02-14T14:00:14","slug":"boellerkurs-2024","status":"publish","type":"page","link":"https:\/\/sg-edelweiss-lochbuehl.com\/?page_id=452","title":{"rendered":"B\u00f6llerkurs 2024"},"content":{"rendered":"\t\t<div data-elementor-type=\"wp-page\" data-elementor-id=\"452\" class=\"elementor elementor-452\">\n\t\t\t\t\t\t<section class=\"elementor-section elementor-top-section elementor-element elementor-element-16e16d8f elementor-section-boxed elementor-section-height-default elementor-section-height-default\" data-id=\"16e16d8f\" data-element_type=\"section\" data-e-type=\"section\">\n\t\t\t\t\t\t<div class=\"elementor-container elementor-column-gap-default\">\n\t\t\t\t\t<div class=\"elementor-column elementor-col-100 elementor-top-column elementor-element elementor-element-10e3823d\" data-id=\"10e3823d\" data-element_type=\"column\" data-e-type=\"column\">\n\t\t\t<div class=\"elementor-widget-wrap elementor-element-populated\">\n\t\t\t\t\t\t<div class=\"elementor-element elementor-element-4cd3655 elementor-widget elementor-widget-text-editor\" data-id=\"4cd3655\" data-element_type=\"widget\" data-e-type=\"widget\" data-widget_type=\"text-editor.default\">\n\t\t\t\t<div class=\"elementor-widget-container\">\n\t\t\t\t\t\t\t\t\t<p><\/p>\n<h1>B\u00f6llerlehrgang 2024<\/h1>\n<p><\/p>\n<h3 class=\"wp-block-heading\">ANGEBOT<\/h3>\n<p><\/p>\n<p>Die SG Edelwei\u00df Lochb\u00fchl\u00a0 bietet 2024 einen B\u00f6llerlehrgang an.<\/p>\n<p>(Lehrg\u00e4nge f\u00fcr Sportsch\u00fctzen nach \u00a727 SprengG Der Kurs ist zur Erlangung der Erlaubnis nach \u00a727 SpengG zum Schie\u00dfen mit Hand-\/ Schaftb\u00f6ller, Standb\u00f6ller und Kanonen erforderlich.)<\/p>\n<p>\u00a0<\/p>\n<p><\/p>\n<h1 class=\"wp-block-heading\"><strong>Termin <\/strong>13.10.- 14.10.2024<\/h1>\n<p><\/p>\n<p><\/p>\n<p>\u00a0<\/p>\n<p>Thema: B\u00f6llerlehrgang<\/p>\n<p><\/p>\n<p>Referenten: Tobias Elsesser<\/p>\n<p>(staatl. anerkannter Lehrgangstr\u00e4ger)<\/p>\n<p>\u00a0<\/p>\n<p><\/p>\n<p>Ort:Sch\u00fctzenhaus SG Edelwei\u00df Lochb\u00fchl, zum Sch\u00fctzenhaus 8, 95697 Nagel\/Lochb\u00fchl<\/p>\n<p><\/p>\n<p>\u00a0<\/p>\n<p>Teilnehmerzahl: mindestens 10, h\u00f6chstens 20 Personen<\/p>\n<p><\/p>\n<p>\u00a0<\/p>\n<p>Voraussetzung: Mindestalter 21 Jahre und g\u00fcltige Unbedenklichkeitsbescheinigung (nicht \u00e4lter als 12 Monate). Diese muss vorher in Kopie und zum Kurs im Original vorgelegt werden. Ohne eine Unbedenklichkeitsbescheinigung ist die Teilnahme am Kurs nicht m\u00f6glich!<\/p>\n<p>\u00a0<\/p>\n<p><\/p>\n<p>Lehrmittel: ist im Kurspreis mit enthalten.<\/p>\n<p><\/p>\n<p>\u00a0<\/p>\n<p>Mit Sch\u00fctzengru\u00df<\/p>\n<p><\/p>\n<p>Thomas N\u00fcrnberger<\/p>\n<p><\/p>\n<h4 class=\"wp-block-heading\"><a href=\"https:\/\/sg-edelweiss-lochbuehl.com\/?page_id=921\">Anmeldung\/Online<\/a><\/h4>\n<h4><a href=\"http:\/\/sg-edelweiss-lochbuehl.com\/wp-content\/uploads\/2023\/11\/Boellerkurs_lochbuehl.pdf\">Auschreibung<\/a><\/h4>\n<p>\u00a0<\/p>\n<p>\u00a0<\/p>\n<h3>Teilnahmebedingungen zu den Grundlehrg\u00e4ngen (\u00a727 SprengG)\u00a0<\/h3>\n<p>(G\u00fcltig ab November 2023)\u00a0<\/p>\n<p>Die Teilnahme kann nur mit g\u00fcltiger Unbedenklichkeitsbescheinigung erfolgen. Diese ist im Vorfeld als Kopie (Scan) zu \u00fcbermitteln. Die Original-Unbedenklichkeitsbescheinigung und der Personalausweis (oder ggf. Reisepass) sind am ersten Lehrgangstag vorzulegen.<\/p>\n<h3>Der Genuss von Alkohol ist w\u00e4hrend des Lehrgangs verboten!!!\u00a0<\/h3>\n<p>Bei Zuwiderhandlung erfolgt der sofortige Ausschluss vom Lehrgang, eine R\u00fcckerstattung der Kursgeb\u00fchr erfolgt nicht.<\/p>\n<p>Der Veranstalter und der Lehrgangstr\u00e4ger \u00fcbernehmen keine Haftung f\u00fcr Sch\u00e4den, die von anderen Kursteilnehmern verursacht werden. Der Teilnehmer stellt den Veranstalter und den Lehrgangstr\u00e4ger von Schadensersatzanspr\u00fcchen anderer Teilnehmer oder Dritter f\u00fcr vom Teilnehmer verursachte Sch\u00e4den frei.<\/p>\n<p>Der Veranstalter und der Lehrgangstr\u00e4ger \u00fcbernehmen keine Haftung f\u00fcr vom Teilnehmer mitgebrachten pers\u00f6nlichen Gegenst\u00e4nden, soweit der Schaden nicht durch den Veranstalter oder eines Ausbilders verursacht wurde.\u00a0<\/p>\n<p>Wird die Durchf\u00fchrung des Lehrgangs in Folge h\u00f6herer Gewalt, Corona, beh\u00f6rdlicher Ma\u00dfnahmen oder sonstiger von dem Veranstalter nicht zu vertretener Umst\u00e4nde unm\u00f6glich, kann der Teilnehmer hieraus weder Schadensersatzanspr\u00fcche noch ein R\u00fccktrittsrecht herleiten. Eine evtl. bezahlte Lehrgangsgeb\u00fchr wird in diesem Fall zur\u00fcckerstattet.\u00a0<\/p>\n<p>Kann ein Lehrgangteilnehmer am Kurs nicht teilnehmen, kann er eine Ersatzperson f\u00fcr den gebuchten Lehrgang benennen, sofern die Pr\u00fcfungsbeh\u00f6rde einer nachtr\u00e4glichen Benennung zustimmt und die Ersatzperson \u00fcber eine g\u00fcltige Unbedenklichkeitsbescheinigung verf\u00fcgt.\u00a0<\/p>\n<p>Dies muss uns umgehend mitgeteilt werden.\u00a0<\/p>\n<p>Bei Absage des Lehrgangs nach dem Anmeldeschluss ist die gesamte Kursgeb\u00fchr f\u00e4llig. Es erfolgt keine R\u00fcckerstattung evtl. bereits geleisteter Zahlungen, bestehende F\u00e4lligkeiten behalten Ihre G\u00fcltigkeit. Bei Entsendung eines \u201eErsatzteilnehmers\u201c (Sofern m\u00f6glich und unter Vorbehalt beh\u00f6rdlicher Zustimmung) bleibt der urspr\u00fcngliche Teilnehmer Schuldner der Kursgeb\u00fchr.<\/p>\n<p>\u00a0<\/p>\n<p>\u00a0Ihre Anmeldedaten werden beim Veranstalter gespeichert und dem zust\u00e4ndigen Gewerbeaufsichtsamt\/ Pr\u00fcfungsbeh\u00f6rde angezeigt. Die Daten werden nur zu diesem Zweck erhoben und werden nach der gesetzlichen Aufbewahrungspflicht gel\u00f6scht.\u00a0<\/p>\n<p>Weitere Hinweise zum Datenschutz sind hier abrufbar.<\/p>\n<h2>\u00a0<\/h2>\n<h2>\u00a0<\/h2>\n<h4>\u00a0<\/h4>\n<h4>\u00a0<\/h4>\n<div>\u00a0<\/div>\n<div>\u00a0<\/div>\n<p><\/p>\t\t\t\t\t\t\t\t<\/div>\n\t\t\t\t<\/div>\n\t\t\t\t\t<\/div>\n\t\t<\/div>\n\t\t\t\t\t<\/div>\n\t\t<\/section>\n\t\t\t\t<\/div>\n\t\t","protected":false},"excerpt":{"rendered":"<p>B\u00f6llerlehrgang 2024 ANGEBOT Die SG Edelwei\u00df Lochb\u00fchl\u00a0 bietet 2024 einen B\u00f6llerlehrgang an. (Lehrg\u00e4nge f\u00fcr Sportsch\u00fctzen nach \u00a727 SprengG Der Kurs ist zur Erlangung der Erlaubnis nach \u00a727 SpengG zum Schie\u00dfen [&hellip;]<\/p>\n","protected":false},"author":1,"featured_media":789,"parent":0,"menu_order":0,"comment_status":"closed","ping_status":"closed","template":"","meta":{"footnotes":""},"class_list":["post-452","page","type-page","status-publish","has-post-thumbnail","hentry"],"_links":{"self":[{"href":"https:\/\/sg-edelweiss-lochbuehl.com\/index.php?rest_route=\/wp\/v2\/pages\/452","targetHints":{"allow":["GET"]}}],"collection":[{"href":"https:\/\/sg-edelweiss-lochbuehl.com\/index.php?rest_route=\/wp\/v2\/pages"}],"about":[{"href":"https:\/\/sg-edelweiss-lochbuehl.com\/index.php?rest_route=\/wp\/v2\/types\/page"}],"author":[{"embeddable":true,"href":"https:\/\/sg-edelweiss-lochbuehl.com\/index.php?rest_route=\/wp\/v2\/users\/1"}],"replies":[{"embeddable":true,"href":"https:\/\/sg-edelweiss-lochbuehl.com\/index.php?rest_route=%2Fwp%2Fv2%2Fcomments&post=452"}],"version-history":[{"count":16,"href":"https:\/\/sg-edelweiss-lochbuehl.com\/index.php?rest_route=\/wp\/v2\/pages\/452\/revisions"}],"predecessor-version":[{"id":983,"href":"https:\/\/sg-edelweiss-lochbuehl.com\/index.php?rest_route=\/wp\/v2\/pages\/452\/revisions\/983"}],"wp:featuredmedia":[{"embeddable":true,"href":"https:\/\/sg-edelweiss-lochbuehl.com\/index.php?rest_route=\/wp\/v2\/media\/789"}],"wp:attachment":[{"href":"https:\/\/sg-edelweiss-lochbuehl.com\/index.php?rest_route=%2Fwp%2Fv2%2Fmedia&parent=452"}],"curies":[{"name":"wp","href":"https:\/\/api.w.org\/{rel}","templated":true}]}}